{"id":2097,"date":"2021-03-10T10:35:13","date_gmt":"2021-03-10T03:35:13","guid":{"rendered":"https:\/\/archcafe.net\/product\/matcha-sua\/"},"modified":"2026-04-15T03:39:48","modified_gmt":"2026-04-14T20:39:48","slug":"matcha-latte","status":"publish","type":"product","link":"https:\/\/www.archcafe.net\/en\/product\/matcha-latte\/","title":{"rendered":"Matcha Latte"},"content":{"rendered":"<div><img loading=\"lazy\" decoding=\"async\" class=\"alignnone size-full wp-image-495\" src=\"https:\/\/archcafe.net\/wp-content\/uploads\/2021\/03\/18085139_3.jpg\" alt=\"\" width=\"2048\" height=\"1439\" srcset=\"https:\/\/www.archcafe.net\/wp-content\/uploads\/2021\/03\/18085139_3.jpg 2048w, https:\/\/www.archcafe.net\/wp-content\/uploads\/2021\/03\/18085139_3-1536x1079.jpg 1536w, https:\/\/www.archcafe.net\/wp-content\/uploads\/2021\/03\/18085139_3-600x422.jpg 600w\" sizes=\"auto, (max-width: 2048px) 100vw, 2048px\" \/><\/div>\n<div>\n<div>\n<div>\n<p>Matcha Latte, a famous green tea drink from Japan is well-known all over the world and popular in Vietnam.<\/p>\n<p>Archcaf\u00e9 Matcha Latte is made of pure matcha powder imported directly from Japan, to bring you the enjoyable and unforgettable taste in each stick of product.<\/p>\n<p>The light bitter flavor of pure matcha and the sweet creamer, will bring you the great and interesting flavor, that can conquer all matcha lovers.<\/p>\n<p>Enjoy Archcaf\u00e9 Matcha Latte, hot, cold or ice-blended daily, enjoy the best natural taste from Japan.<\/p>\n<\/div>\n<div><\/div>\n<div><strong>SPECIFICATION:<\/strong><\/div>\n<div>\n<ul>\n<li>12 sachets\/ 1 box<\/li>\n<li>12 boxes\/1 carton<\/li>\n<\/ul>\n<\/div>\n<\/div>\n<div>\n<div><span style=\"color: #ed1c24;\"><strong>UNIT PRICE: <span style=\"font-size: 14.4px;\">78,000<\/span><span class=\"s-price\" style=\"font-size: 14.4px;\">\u0111<\/span><\/strong><\/span><\/div>\n<\/div>\n<div>\n<div><span style=\"color: #ed1c24;\"><strong>CARTON PRICE: <span style=\"font-size: 14.4px;\">936,000<\/span><span class=\"s-price\" style=\"font-size: 14.4px;\">\u0111<\/span><\/strong><\/span><\/div>\n<\/div>\n<\/div>\n<div><\/div>\n<div><\/div>\n<div><img loading=\"lazy\" decoding=\"async\" class=\"size-full wp-image-2104 aligncenter\" src=\"https:\/\/archcafe.net\/wp-content\/uploads\/2021\/03\/unnamed.png\" alt=\"\" width=\"512\" height=\"328\" \/><\/div>\n<div><strong>INGREDIENTS:<\/strong> Sugar, Natural matcha powder from Japan (10%), Non-daily creamer (4.5%), Foaming powder (3.7%)<\/div>\n<div>\n<p><strong>STORAGE INSTRUCTIONS:<\/strong> Store in a cool, dry place.<\/p>\n<p><strong>RECOMMENDATION:<\/strong> Do not use the product after its expiration date. Store the product according to the manufacturer&#8217;s instructions.<\/p>\n<p><strong>FOOD SAFETY WARNING:<\/strong> Contains milk ingredients. May contain soy and gluten.<\/p>\n<p>Expiration date is printed on the packaging.<\/p>\n<p><strong>PRODUCT OF: ARCHCAFE JOINT STOCK COMPANY<\/strong><\/p>\n<ul>\n<li dir=\"ltr\">Head quater: 81\/15 Nguy\u1ec5n C\u1eedu V\u00e2n Street, Gia \u0110\u1ecbnh Ward, Ho Chi Minh City, Vietnam.<\/li>\n<li dir=\"ltr\">Office: 58 Nguy\u1ec5n B\u1ec9nh Khi\u00eam Street, T\u00e2n \u0110\u1ecbnh Ward, Ho Chi Minh City, Vietnam<\/li>\n<li dir=\"ltr\">Phone: (08) 6684 0166<\/li>\n<li dir=\"ltr\">Fanpage: <a href=\"https:\/\/www.facebook.com\/archcafe88\" target=\"_blank\" rel=\"noopener\">https:\/\/www.facebook.com\/archcafe88<\/a><\/li>\n<\/ul>\n<p>You can also contact us via Zalo at 0933.038.816 to get support and receive the most attractive promotions.<\/p>\n<\/div>\n","protected":false},"excerpt":{"rendered":"<p dir=\"ltr\">Matcha Latte, a famous green tea drink from Japan is well-known all over the world and popular in Vietnam.<\/p>\n<p>Archcaf\u00e9 Matcha Latte is made of pure matcha powder imported directly from Japan, to bring you the enjoyable and unforgettable taste in each stick of product.<\/p>\n<p>The light bitter flavor of pure matcha and the sweet creamer, will bring you the great and interesting flavor, that can conquer all matcha lovers.<\/p>\n<p>Enjoy Archcaf\u00e9 Matcha Latte, hot, cold or ice-blended daily, enjoy the best natural taste from Japan.<\/p>\n<p>&nbsp;<\/p>\n<div>\n<div class=\"info-product-view\">\n<div><\/div>\n<\/div>\n<\/div>\n","protected":false},"featured_media":2838,"comment_status":"closed","ping_status":"closed","template":"","meta":{"inline_featured_image":false},"product_brand":[],"product_cat":[59,87],"product_tag":[],"class_list":{"0":"post-2097","1":"product","2":"type-product","3":"status-publish","4":"has-post-thumbnail","6":"product_cat-product","7":"product_cat-chocolate-matcha-en","9":"first","10":"instock","11":"taxable","12":"shipping-taxable","13":"purchasable","14":"product-type-simple"},"_links":{"self":[{"href":"https:\/\/www.archcafe.net\/en\/wp-json\/wp\/v2\/product\/2097","targetHints":{"allow":["GET"]}}],"collection":[{"href":"https:\/\/www.archcafe.net\/en\/wp-json\/wp\/v2\/product"}],"about":[{"href":"https:\/\/www.archcafe.net\/en\/wp-json\/wp\/v2\/types\/product"}],"replies":[{"embeddable":true,"href":"https:\/\/www.archcafe.net\/en\/wp-json\/wp\/v2\/comments?post=2097"}],"wp:featuredmedia":[{"embeddable":true,"href":"https:\/\/www.archcafe.net\/en\/wp-json\/wp\/v2\/media\/2838"}],"wp:attachment":[{"href":"https:\/\/www.archcafe.net\/en\/wp-json\/wp\/v2\/media?parent=2097"}],"wp:term":[{"taxonomy":"product_brand","embeddable":true,"href":"https:\/\/www.archcafe.net\/en\/wp-json\/wp\/v2\/product_brand?post=2097"},{"taxonomy":"product_cat","embeddable":true,"href":"https:\/\/www.archcafe.net\/en\/wp-json\/wp\/v2\/product_cat?post=2097"},{"taxonomy":"product_tag","embeddable":true,"href":"https:\/\/www.archcafe.net\/en\/wp-json\/wp\/v2\/product_tag?post=2097"}],"curies":[{"name":"wp","href":"https:\/\/api.w.org\/{rel}","templated":true}]}}